{"id":95,"date":"2010-07-06T10:40:36","date_gmt":"2010-07-06T13:40:36","guid":{"rendered":"http:\/\/www.traducaoviaval.com.br\/"},"modified":"2011-04-09T19:05:01","modified_gmt":"2011-04-09T22:05:01","slug":"links","status":"publish","type":"page","link":"https:\/\/www.traducaoviaval.com.br\/en\/links\/","title":{"rendered":"Links"},"content":{"rendered":"<p><\/p>\n<table border=\"0\" cellspacing=\"5\" cellpadding=\"5\" width=\"100%\">\n<tbody>\n<tr valign=\"top\">\n<td width=\"50%\">\n<h2>CAT tools<\/h2>\n<p><a title=\"D\u00e9j\u00e0 Vu\" href=\"http:\/\/www.atril.com\/\" target=\"_blank\">D\u00e9j\u00e0 Vu<\/a><br \/>\n<a title=\"Kilgray - memoQ\" href=\"http:\/\/www.kilgray.com\/\" target=\"_blank\">memoQ<\/a><br \/>\n<a title=\"Swordfish\" href=\"http:\/\/www.maxprograms.com\/products\/swordfish.html\" target=\"_blank\">Swordfish<\/a><br \/>\n<a title=\"SDL\" href=\"http:\/\/www.translationzone.com\/en\/\" target=\"_blank\">Trados<\/a><br \/>\n<a title=\"Wordfast\" href=\"http:\/\/www.wordfast.net\/\" target=\"_blank\">Wordfast<\/a><\/p>\n<p><span style=\"color: #f8f8f8;\">.<\/span><\/p>\n<h2>Productivity Tools<\/h2>\n<p><a title=\"Xbench\" href=\"http:\/\/www.apsic.com\/en\/products_xbench.html\" target=\"_blank\">ApSIC Xbench<\/a><br \/>\n<a title=\"IntelliWebSearch\" href=\"http:\/\/www.intelliwebsearch.com\/download.html\" target=\"_blank\">IntelliWebSearch<\/a><br \/>\n<a title=\"Olifant\" href=\"http:\/\/okapi.sourceforge.net\/downloads.html\" target=\"_blank\">Olifant<\/a><br \/>\n<a title=\"Werecat\" href=\"http:\/\/www.volny.cz\/ddaduc\/werecat.html\" target=\"_blank\">Werecat<\/a><\/p>\n<p><span style=\"color: #f8f8f8;\">.<\/span><\/p>\n<h2>Associations<\/h2>\n<p><a title=\"Abrates\" href=\"http:\/\/www.abrates.com.br\" target=\"_blank\">Abrates<\/a><br \/>\n<a title=\"ATA\" href=\"http:\/\/www.atanet.org\/\" target=\"_blank\">ATA<\/a><br \/>\n<a title=\"Sintra\" href=\"http:\/\/www.sintra.org.br\/site\/index.php\" target=\"_blank\">Sintra<\/a><\/td>\n<td>\n<h2>Publications<\/h2>\n<p><a title=\"Chronicle\" href=\"http:\/\/www.atanet.org\/chronicle\/\" target=\"_blank\">ATA Chronicle<\/a><br \/>\n<a title=\"Communicate\" href=\"http:\/\/www.aiic.net\/default.cfm\" target=\"_blank\">Communicate<\/a><br \/>\n<a title=\"Conflu\u00eancias\" href=\"http:\/\/www.confluencias.net\/\" target=\"_blank\">Conflu\u00eancias<\/a><br \/>\n<a title=\"Translation Directory\" href=\"http:\/\/www.translationdirectory.com\/translation_theory.htm\" target=\"_blank\">Translation Directory<\/a><br \/>\n<a title=\"Multilingual\" href=\"http:\/\/www.multilingual.com\/index.php\" target=\"_blank\">Multilingual<\/a><br \/>\n<a title=\"O L\u00edngua\" href=\"http:\/\/cvc.instituto-camoes.pt\/olingua\/04\/index.html\" target=\"_blank\">O L\u00edngua<\/a><br \/>\n<a title=\"Translation Journal\" href=\"http:\/\/www.accurapid.com\/journal\/\" target=\"_blank\">Translation Journal<\/a><br \/>\n<a title=\"Translator Tips\" href=\"http:\/\/www.translatortips.com\/\" target=\"_blank\">Translator Tips<\/a><br \/>\n<a title=\"Translator's Tool Kit\" href=\"http:\/\/www.internationalwriters.com\/toolkit\/\" target=\"_blank\">Tool Kit<\/a><br \/>\n<span style=\"color: #f8f8f8;\">.<\/span><\/p>\n<h2>Translation Portals<\/h2>\n<p><a title=\"LinkedIn\" href=\"http:\/\/www.linkedin.com\" target=\"_blank\">LinkedIn<\/a><br \/>\n<a title=\"Translation Directory\" href=\"http:\/\/www.translationdirectory.com\/\" target=\"_blank\">Translation Directory<\/a><br \/>\n<a title=\"Translators Caf\u00e9\" href=\"http:\/\/www.translatorscafe.com\/cafe\/default.asp\" target=\"_blank\">Translators Caf\u00e9<\/a><\/td>\n<\/tr>\n<\/tbody>\n<\/table>\n<p><\/p>","protected":false},"excerpt":{"rendered":"<p>CAT tools D\u00e9j\u00e0 Vu memoQ Swordfish Trados Wordfast . Productivity Tools ApSIC Xbench IntelliWebSearch Olifant Werecat . Associations Abrates ATA Sintra Publications ATA Chronicle Communicate Conflu\u00eancias Translation Directory Multilingual O L\u00edngua Translation Journal Translator Tips Tool Kit . Translation Portals LinkedIn Translation Directory Translators Caf\u00e9<\/p>\n","protected":false},"author":1,"featured_media":0,"parent":0,"menu_order":0,"comment_status":"closed","ping_status":"open","template":"","meta":{"footnotes":""},"class_list":["post-95","page","type-page","status-publish","hentry"],"yoast_head":"<!-- This site is optimized with the Yoast SEO plugin v27.3 - https:\/\/yoast.com\/product\/yoast-seo-wordpress\/ -->\n<title>LinksLinks - Tradu\u00e7\u00e3o via Val<\/title>\n<meta name=\"robots\" content=\"index, follow, max-snippet:-1, max-image-preview:large, max-video-preview:-1\" \/>\n<link rel=\"canonical\" href=\"https:\/\/www.traducaoviaval.com.br\/en\/links\/\" \/>\n<meta property=\"og:locale\" content=\"en_US\" \/>\n<meta property=\"og:type\" content=\"article\" \/>\n<meta property=\"og:title\" content=\"LinksLinks - Tradu\u00e7\u00e3o via Val\" \/>\n<meta property=\"og:description\" content=\"CAT tools D\u00e9j\u00e0 Vu memoQ Swordfish Trados Wordfast . Productivity Tools ApSIC Xbench IntelliWebSearch Olifant Werecat . Associations Abrates ATA Sintra Publications ATA Chronicle Communicate Conflu\u00eancias Translation Directory Multilingual O L\u00edngua Translation Journal Translator Tips Tool Kit . Translation Portals LinkedIn Translation Directory Translators Caf\u00e9\" \/>\n<meta property=\"og:url\" content=\"https:\/\/www.traducaoviaval.com.br\/en\/links\/\" \/>\n<meta property=\"og:site_name\" content=\"Tradu\u00e7\u00e3o via Val\" \/>\n<meta property=\"article:publisher\" content=\"https:\/\/www.facebook.com\/val.ivonica\" \/>\n<meta property=\"article:modified_time\" content=\"2011-04-09T22:05:01+00:00\" \/>\n<meta name=\"twitter:card\" content=\"summary_large_image\" \/>\n<meta name=\"twitter:site\" content=\"@traducaoviaval\" \/>\n<script type=\"application\/ld+json\" class=\"yoast-schema-graph\">{\"@context\":\"https:\\\/\\\/schema.org\",\"@graph\":[{\"@type\":\"WebPage\",\"@id\":\"https:\\\/\\\/www.traducaoviaval.com.br\\\/en\\\/links\\\/\",\"url\":\"https:\\\/\\\/www.traducaoviaval.com.br\\\/en\\\/links\\\/\",\"name\":\"LinksLinks - Tradu\u00e7\u00e3o via Val\",\"isPartOf\":{\"@id\":\"https:\\\/\\\/www.traducaoviaval.com.br\\\/en\\\/#website\"},\"datePublished\":\"2010-07-06T13:40:36+00:00\",\"dateModified\":\"2011-04-09T22:05:01+00:00\",\"breadcrumb\":{\"@id\":\"https:\\\/\\\/www.traducaoviaval.com.br\\\/en\\\/links\\\/#breadcrumb\"},\"inLanguage\":\"en-US\",\"potentialAction\":[{\"@type\":\"ReadAction\",\"target\":[[\"https:\\\/\\\/www.traducaoviaval.com.br\\\/en\\\/links\\\/\"]]}]},{\"@type\":\"BreadcrumbList\",\"@id\":\"https:\\\/\\\/www.traducaoviaval.com.br\\\/en\\\/links\\\/#breadcrumb\",\"itemListElement\":[{\"@type\":\"ListItem\",\"position\":1,\"name\":\"In\u00edcio\",\"item\":\"https:\\\/\\\/www.traducaoviaval.com.br\\\/en\\\/\"},{\"@type\":\"ListItem\",\"position\":2,\"name\":\"Links\"}]},{\"@type\":\"WebSite\",\"@id\":\"https:\\\/\\\/www.traducaoviaval.com.br\\\/en\\\/#website\",\"url\":\"https:\\\/\\\/www.traducaoviaval.com.br\\\/en\\\/\",\"name\":\"Tradu\u00e7\u00e3o via Val\",\"description\":\"Site sobre tradu\u00e7\u00e3o para tradutores. Ferramentas, dicas, truques e quebra-galhos para o dia a dia tradut\u00f3rio.\",\"publisher\":{\"@id\":\"https:\\\/\\\/www.traducaoviaval.com.br\\\/en\\\/#\\\/schema\\\/person\\\/ecfad620c13cb7f7e5dc3907e8b39ccf\"},\"potentialAction\":[{\"@type\":\"SearchAction\",\"target\":{\"@type\":\"EntryPoint\",\"urlTemplate\":\"https:\\\/\\\/www.traducaoviaval.com.br\\\/en\\\/?s={search_term_string}\"},\"query-input\":{\"@type\":\"PropertyValueSpecification\",\"valueRequired\":true,\"valueName\":\"search_term_string\"}}],\"inLanguage\":\"en-US\"},{\"@type\":[\"Person\",\"Organization\"],\"@id\":\"https:\\\/\\\/www.traducaoviaval.com.br\\\/en\\\/#\\\/schema\\\/person\\\/ecfad620c13cb7f7e5dc3907e8b39ccf\",\"name\":\"Val Ivonica\",\"image\":{\"@type\":\"ImageObject\",\"inLanguage\":\"en-US\",\"@id\":\"https:\\\/\\\/secure.gravatar.com\\\/avatar\\\/4e38d6c4d3bc69fff1989411b2e1e654046c5879a25f4b21fd792e8fcac3168a?s=96&d=mm&r=g\",\"url\":\"https:\\\/\\\/secure.gravatar.com\\\/avatar\\\/4e38d6c4d3bc69fff1989411b2e1e654046c5879a25f4b21fd792e8fcac3168a?s=96&d=mm&r=g\",\"contentUrl\":\"https:\\\/\\\/secure.gravatar.com\\\/avatar\\\/4e38d6c4d3bc69fff1989411b2e1e654046c5879a25f4b21fd792e8fcac3168a?s=96&d=mm&r=g\",\"caption\":\"Val Ivonica\"},\"logo\":{\"@id\":\"https:\\\/\\\/secure.gravatar.com\\\/avatar\\\/4e38d6c4d3bc69fff1989411b2e1e654046c5879a25f4b21fd792e8fcac3168a?s=96&d=mm&r=g\"},\"sameAs\":[\"http:\\\/\\\/www.traducaoviaval.com.br\",\"https:\\\/\\\/www.facebook.com\\\/val.ivonica\",\"https:\\\/\\\/www.instagram.com\\\/valivonica\\\/\",\"https:\\\/\\\/www.linkedin.com\\\/in\\\/valivonica\\\/\",\"https:\\\/\\\/x.com\\\/https:\\\/\\\/twitter.com\\\/traducaoviaval\"]}]}<\/script>\n<!-- \/ Yoast SEO plugin. -->","yoast_head_json":{"title":"LinksLinks - Tradu\u00e7\u00e3o via Val","robots":{"index":"index","follow":"follow","max-snippet":"max-snippet:-1","max-image-preview":"max-image-preview:large","max-video-preview":"max-video-preview:-1"},"canonical":"https:\/\/www.traducaoviaval.com.br\/en\/links\/","og_locale":"en_US","og_type":"article","og_title":"LinksLinks - Tradu\u00e7\u00e3o via Val","og_description":"CAT tools D\u00e9j\u00e0 Vu memoQ Swordfish Trados Wordfast . Productivity Tools ApSIC Xbench IntelliWebSearch Olifant Werecat . Associations Abrates ATA Sintra Publications ATA Chronicle Communicate Conflu\u00eancias Translation Directory Multilingual O L\u00edngua Translation Journal Translator Tips Tool Kit . Translation Portals LinkedIn Translation Directory Translators Caf\u00e9","og_url":"https:\/\/www.traducaoviaval.com.br\/en\/links\/","og_site_name":"Tradu\u00e7\u00e3o via Val","article_publisher":"https:\/\/www.facebook.com\/val.ivonica","article_modified_time":"2011-04-09T22:05:01+00:00","twitter_card":"summary_large_image","twitter_site":"@traducaoviaval","schema":{"@context":"https:\/\/schema.org","@graph":[{"@type":"WebPage","@id":"https:\/\/www.traducaoviaval.com.br\/en\/links\/","url":"https:\/\/www.traducaoviaval.com.br\/en\/links\/","name":"LinksLinks - Tradu\u00e7\u00e3o via Val","isPartOf":{"@id":"https:\/\/www.traducaoviaval.com.br\/en\/#website"},"datePublished":"2010-07-06T13:40:36+00:00","dateModified":"2011-04-09T22:05:01+00:00","breadcrumb":{"@id":"https:\/\/www.traducaoviaval.com.br\/en\/links\/#breadcrumb"},"inLanguage":"en-US","potentialAction":[{"@type":"ReadAction","target":[["https:\/\/www.traducaoviaval.com.br\/en\/links\/"]]}]},{"@type":"BreadcrumbList","@id":"https:\/\/www.traducaoviaval.com.br\/en\/links\/#breadcrumb","itemListElement":[{"@type":"ListItem","position":1,"name":"In\u00edcio","item":"https:\/\/www.traducaoviaval.com.br\/en\/"},{"@type":"ListItem","position":2,"name":"Links"}]},{"@type":"WebSite","@id":"https:\/\/www.traducaoviaval.com.br\/en\/#website","url":"https:\/\/www.traducaoviaval.com.br\/en\/","name":"Tradu\u00e7\u00e3o via Val","description":"Site sobre tradu\u00e7\u00e3o para tradutores. Ferramentas, dicas, truques e quebra-galhos para o dia a dia tradut\u00f3rio.","publisher":{"@id":"https:\/\/www.traducaoviaval.com.br\/en\/#\/schema\/person\/ecfad620c13cb7f7e5dc3907e8b39ccf"},"potentialAction":[{"@type":"SearchAction","target":{"@type":"EntryPoint","urlTemplate":"https:\/\/www.traducaoviaval.com.br\/en\/?s={search_term_string}"},"query-input":{"@type":"PropertyValueSpecification","valueRequired":true,"valueName":"search_term_string"}}],"inLanguage":"en-US"},{"@type":["Person","Organization"],"@id":"https:\/\/www.traducaoviaval.com.br\/en\/#\/schema\/person\/ecfad620c13cb7f7e5dc3907e8b39ccf","name":"Val Ivonica","image":{"@type":"ImageObject","inLanguage":"en-US","@id":"https:\/\/secure.gravatar.com\/avatar\/4e38d6c4d3bc69fff1989411b2e1e654046c5879a25f4b21fd792e8fcac3168a?s=96&d=mm&r=g","url":"https:\/\/secure.gravatar.com\/avatar\/4e38d6c4d3bc69fff1989411b2e1e654046c5879a25f4b21fd792e8fcac3168a?s=96&d=mm&r=g","contentUrl":"https:\/\/secure.gravatar.com\/avatar\/4e38d6c4d3bc69fff1989411b2e1e654046c5879a25f4b21fd792e8fcac3168a?s=96&d=mm&r=g","caption":"Val Ivonica"},"logo":{"@id":"https:\/\/secure.gravatar.com\/avatar\/4e38d6c4d3bc69fff1989411b2e1e654046c5879a25f4b21fd792e8fcac3168a?s=96&d=mm&r=g"},"sameAs":["http:\/\/www.traducaoviaval.com.br","https:\/\/www.facebook.com\/val.ivonica","https:\/\/www.instagram.com\/valivonica\/","https:\/\/www.linkedin.com\/in\/valivonica\/","https:\/\/x.com\/https:\/\/twitter.com\/traducaoviaval"]}]}},"_links":{"self":[{"href":"https:\/\/www.traducaoviaval.com.br\/en\/wp-json\/wp\/v2\/pages\/95","targetHints":{"allow":["GET"]}}],"collection":[{"href":"https:\/\/www.traducaoviaval.com.br\/en\/wp-json\/wp\/v2\/pages"}],"about":[{"href":"https:\/\/www.traducaoviaval.com.br\/en\/wp-json\/wp\/v2\/types\/page"}],"author":[{"embeddable":true,"href":"https:\/\/www.traducaoviaval.com.br\/en\/wp-json\/wp\/v2\/users\/1"}],"replies":[{"embeddable":true,"href":"https:\/\/www.traducaoviaval.com.br\/en\/wp-json\/wp\/v2\/comments?post=95"}],"version-history":[{"count":0,"href":"https:\/\/www.traducaoviaval.com.br\/en\/wp-json\/wp\/v2\/pages\/95\/revisions"}],"wp:attachment":[{"href":"https:\/\/www.traducaoviaval.com.br\/en\/wp-json\/wp\/v2\/media?parent=95"}],"curies":[{"name":"wp","href":"https:\/\/api.w.org\/{rel}","templated":true}]}}